{"id":58,"date":"2024-02-28T21:54:11","date_gmt":"2024-02-29T02:54:11","guid":{"rendered":"https:\/\/infesolutions.com\/index.php\/about-me\/"},"modified":"2024-03-27T09:24:08","modified_gmt":"2024-03-27T14:24:08","slug":"sobre-nosotros","status":"publish","type":"page","link":"https:\/\/infesolutions.com\/index.php\/sobre-nosotros\/","title":{"rendered":"Sobre nosotros"},"content":{"rendered":"\t\t<div data-elementor-type=\"wp-page\" data-elementor-id=\"58\" class=\"elementor elementor-58\" data-elementor-post-type=\"page\">\n\t\t\t\t<div class=\"elementor-element elementor-element-55cfc7a e-flex e-con-boxed wpr-particle-no wpr-jarallax-no wpr-parallax-no wpr-sticky-section-no e-con e-parent\" data-id=\"55cfc7a\" data-element_type=\"container\">\n\t\t\t\t\t<div class=\"e-con-inner\">\n\t\t\t\t<div class=\"elementor-element elementor-element-da80060 elementor-widget elementor-widget-spacer\" data-id=\"da80060\" data-element_type=\"widget\" data-widget_type=\"spacer.default\">\n\t\t\t\t<div class=\"elementor-widget-container\">\n\t\t\t\t\t\t\t<div class=\"elementor-spacer\">\n\t\t\t<div class=\"elementor-spacer-inner\"><\/div>\n\t\t<\/div>\n\t\t\t\t\t\t<\/div>\n\t\t\t\t<\/div>\n\t\t\t\t\t<\/div>\n\t\t\t\t<\/div>\n\t\t\t\t<section class=\"elementor-section elementor-inner-section elementor-element elementor-element-586d46ae elementor-section-full_width elementor-section-height-default elementor-section-height-default wpr-particle-no wpr-jarallax-no wpr-parallax-no wpr-sticky-section-no\" data-id=\"586d46ae\" data-element_type=\"section\">\n\t\t\t\t\t\t<div class=\"elementor-container elementor-column-gap-no\">\n\t\t\t\t\t<div class=\"elementor-column elementor-col-50 elementor-inner-column elementor-element elementor-element-bb40f8a\" data-id=\"bb40f8a\" data-element_type=\"column\">\n\t\t\t<div class=\"elementor-widget-wrap elementor-element-populated\">\n\t\t\t\t\t\t<div class=\"elementor-element elementor-element-155a53cf animated-slow elementor-invisible elementor-widget elementor-widget-image\" data-id=\"155a53cf\" data-element_type=\"widget\" data-settings=\"{&quot;_animation&quot;:&quot;fadeInUp&quot;}\" data-widget_type=\"image.default\">\n\t\t\t\t<div class=\"elementor-widget-container\">\n\t\t\t\t\t\t\t\t\t\t\t\t\t\t\t<img fetchpriority=\"high\" decoding=\"async\" width=\"1080\" height=\"1350\" src=\"https:\/\/infesolutions.com\/wp-content\/uploads\/2024\/02\/ijibnkm.png\" class=\"attachment-1536x1536 size-1536x1536 wp-image-145\" alt=\"\" srcset=\"https:\/\/infesolutions.com\/wp-content\/uploads\/2024\/02\/ijibnkm.png 1080w, https:\/\/infesolutions.com\/wp-content\/uploads\/2024\/02\/ijibnkm-240x300.png 240w, https:\/\/infesolutions.com\/wp-content\/uploads\/2024\/02\/ijibnkm-819x1024.png 819w, https:\/\/infesolutions.com\/wp-content\/uploads\/2024\/02\/ijibnkm-768x960.png 768w\" sizes=\"(max-width: 1080px) 100vw, 1080px\" \/>\t\t\t\t\t\t\t\t\t\t\t\t\t\t\t<\/div>\n\t\t\t\t<\/div>\n\t\t\t\t\t<\/div>\n\t\t<\/div>\n\t\t\t\t<div class=\"elementor-column elementor-col-50 elementor-inner-column elementor-element elementor-element-5c2c16f\" data-id=\"5c2c16f\" data-element_type=\"column\">\n\t\t\t<div class=\"elementor-widget-wrap elementor-element-populated\">\n\t\t\t\t\t\t<div class=\"elementor-element elementor-element-37b1a15 elementor-widget-mobile__width-inherit elementor-widget elementor-widget-heading\" data-id=\"37b1a15\" data-element_type=\"widget\" data-widget_type=\"heading.default\">\n\t\t\t\t<div class=\"elementor-widget-container\">\n\t\t\t\t\t<h2 class=\"elementor-heading-title elementor-size-default\">Misi\u00f3n<\/h2>\t\t\t\t<\/div>\n\t\t\t\t<\/div>\n\t\t\t\t<div class=\"elementor-element elementor-element-5c276d95 elementor-invisible elementor-widget elementor-widget-heading\" data-id=\"5c276d95\" data-element_type=\"widget\" data-settings=\"{&quot;_animation&quot;:&quot;zoomIn&quot;}\" data-widget_type=\"heading.default\">\n\t\t\t\t<div class=\"elementor-widget-container\">\n\t\t\t\t\t<p class=\"elementor-heading-title elementor-size-default\">\"Empoderar a las empresas para que transformen sus datos en decisiones inteligentes y estrategias ganadoras, a trav\u00e9s de soluciones innovadoras en an\u00e1lisis de datos, inteligencia artificial y automatizaci\u00f3n. Nos comprometemos a mejorar la eficiencia operativa, la satisfacci\u00f3n del cliente y el crecimiento sostenible de nuestros clientes, con un enfoque en la innovaci\u00f3n continua y la excelencia en el servicio.\"<\/p>\t\t\t\t<\/div>\n\t\t\t\t<\/div>\n\t\t\t\t<div class=\"elementor-element elementor-element-150b8e3d elementor-widget-mobile__width-inherit elementor-widget elementor-widget-heading\" data-id=\"150b8e3d\" data-element_type=\"widget\" data-widget_type=\"heading.default\">\n\t\t\t\t<div class=\"elementor-widget-container\">\n\t\t\t\t\t<h2 class=\"elementor-heading-title elementor-size-default\">Visi\u00f3n<\/h2>\t\t\t\t<\/div>\n\t\t\t\t<\/div>\n\t\t\t\t<div class=\"elementor-element elementor-element-6e7d3541 elementor-invisible elementor-widget elementor-widget-heading\" data-id=\"6e7d3541\" data-element_type=\"widget\" data-settings=\"{&quot;_animation&quot;:&quot;zoomIn&quot;}\" data-widget_type=\"heading.default\">\n\t\t\t\t<div class=\"elementor-widget-container\">\n\t\t\t\t\t<p class=\"elementor-heading-title elementor-size-default\">\"Ser reconocidos como l\u00edderes en la transformaci\u00f3n digital de empresas a nivel global, impulsando el \u00e9xito de nuestros clientes mediante el aprovechamiento de sus datos. Aspiramos a ser el motor de innovaci\u00f3n que lleve a las empresas a la vanguardia de su industria, con soluciones de datos que marquen la diferencia en un mundo cada vez m\u00e1s orientado a la tecnolog\u00eda.\"<\/p>\t\t\t\t<\/div>\n\t\t\t\t<\/div>\n\t\t\t\t\t<\/div>\n\t\t<\/div>\n\t\t\t\t\t<\/div>\n\t\t<\/section>\n\t\t\t\t<\/div>\n\t\t","protected":false},"excerpt":{"rendered":"<p>Misi\u00f3n &#8220;Empoderar a las empresas para que transformen sus datos en decisiones inteligentes y estrategias ganadoras, a trav\u00e9s de soluciones innovadoras en an\u00e1lisis de datos, inteligencia artificial y automatizaci\u00f3n. Nos comprometemos a mejorar la eficiencia operativa, la satisfacci\u00f3n del cliente y el crecimiento sostenible de nuestros clientes, con un enfoque en la innovaci\u00f3n continua y la excelencia en el servicio.&#8221; Visi\u00f3n &#8220;Ser reconocidos como l\u00edderes en la transformaci\u00f3n digital de empresas a nivel global, impulsando el \u00e9xito de nuestros clientes mediante el aprovechamiento de sus datos. Aspiramos a ser el motor de innovaci\u00f3n que lleve a las empresas a la vanguardia de su industria, con soluciones de datos que marquen la diferencia en un mundo cada vez m\u00e1s orientado a la tecnolog\u00eda.&#8221;<\/p>\n","protected":false},"author":1,"featured_media":0,"parent":0,"menu_order":0,"comment_status":"closed","ping_status":"closed","template":"","meta":{"om_disable_all_campaigns":false,"_monsterinsights_skip_tracking":false,"_monsterinsights_sitenote_active":false,"_monsterinsights_sitenote_note":"","_monsterinsights_sitenote_category":0,"footnotes":""},"aioseo_notices":[],"_links":{"self":[{"href":"https:\/\/infesolutions.com\/index.php\/wp-json\/wp\/v2\/pages\/58"}],"collection":[{"href":"https:\/\/infesolutions.com\/index.php\/wp-json\/wp\/v2\/pages"}],"about":[{"href":"https:\/\/infesolutions.com\/index.php\/wp-json\/wp\/v2\/types\/page"}],"author":[{"embeddable":true,"href":"https:\/\/infesolutions.com\/index.php\/wp-json\/wp\/v2\/users\/1"}],"replies":[{"embeddable":true,"href":"https:\/\/infesolutions.com\/index.php\/wp-json\/wp\/v2\/comments?post=58"}],"version-history":[{"count":11,"href":"https:\/\/infesolutions.com\/index.php\/wp-json\/wp\/v2\/pages\/58\/revisions"}],"predecessor-version":[{"id":271,"href":"https:\/\/infesolutions.com\/index.php\/wp-json\/wp\/v2\/pages\/58\/revisions\/271"}],"wp:attachment":[{"href":"https:\/\/infesolutions.com\/index.php\/wp-json\/wp\/v2\/media?parent=58"}],"curies":[{"name":"wp","href":"https:\/\/api.w.org\/{rel}","templated":true}]}}